{"id":22775,"date":"2024-02-06T13:13:03","date_gmt":"2024-02-06T18:13:03","guid":{"rendered":"https:\/\/www.bumc.bu.edu\/ppb\/?page_id=22775"},"modified":"2024-04-11T08:53:21","modified_gmt":"2024-04-11T12:53:21","slug":"akey-lab-members","status":"publish","type":"page","link":"https:\/\/www.bumc.bu.edu\/ppb\/akey-lab-members\/","title":{"rendered":""},"content":{"rendered":"<p><img loading=\"lazy\" src=\"\/ppb\/files\/2024\/02\/Akey-lab-logo-v5-scaled.jpg\" alt=\"\" width=\"2560\" height=\"692\" class=\"aligncenter size-full wp-image-22908\" srcset=\"https:\/\/www.bumc.bu.edu\/ppb\/files\/2024\/02\/Akey-lab-logo-v5-scaled.jpg 2560w, https:\/\/www.bumc.bu.edu\/ppb\/files\/2024\/02\/Akey-lab-logo-v5-650x176.jpg 650w, https:\/\/www.bumc.bu.edu\/ppb\/files\/2024\/02\/Akey-lab-logo-v5-1024x277.jpg 1024w, https:\/\/www.bumc.bu.edu\/ppb\/files\/2024\/02\/Akey-lab-logo-v5-768x208.jpg 768w, https:\/\/www.bumc.bu.edu\/ppb\/files\/2024\/02\/Akey-lab-logo-v5-1536x415.jpg 1536w, https:\/\/www.bumc.bu.edu\/ppb\/files\/2024\/02\/Akey-lab-logo-v5-2048x554.jpg 2048w\" sizes=\"(max-width: 2560px) 100vw, 2560px\" \/><\/p>\n<h3 style=\"text-align: center;\">Akey Lab Members (Past, Present) and Photo Tour<\/h3>\n<p><img loading=\"lazy\" src=\"\/ppb\/files\/2024\/02\/merged-photos-copy-scaled.jpg\" alt=\"\" width=\"600\" height=\"3597\" class=\"alignright wp-image-22933\" \/><\/p>\n<h4>Current<\/h4>\n<p><strong>Christopher W. Akey<\/strong><br \/>\nPrincipal Investigator- Professor<br \/>\nDirector Structural CryoEM facility<\/p>\n<p><strong>Ildik\u00f3 V. Akey<\/strong><br \/>\nLaboratory Manager\/Research Assistant<\/p>\n<h4>Alumni<\/h4>\n<p><strong>Graduate Students<\/strong><\/p>\n<p><strong>Qing Yang<\/strong><br \/>\nSenior ScientistSenior Scientist<br \/>\nEnergy Materials Corporation<br \/>\n<span style=\"color: #3366ff;\">linkedin.com\/in\/qingyang5<\/span><\/p>\n<p><strong>Shuchismita Dutta<\/strong><br \/>\nAssociate Research Professor at Institute for Quantitative Biomedicine<br \/>\n<span style=\"color: #3366ff;\">linkedin.com\/in\/shuchismita-dutta-3028a734<\/span><\/p>\n<p><strong>Devrim Acehan \u2020<\/strong><br \/>\nCryo EM Center Director at Hauptman-Woodward Medical Research Institute<br \/>\n<span style=\"color: #3366ff;\">linkedin.com\/in\/devrim-acehan-7ba833239<\/span><\/p>\n<p><strong>Madhu Sharma<\/strong><br \/>\nChief Administrative Officer Department of Plant Sciences<br \/>\nUniversity of California, Davis<br \/>\n<span style=\"color: #3366ff;\">linkedin.com\/in\/madhusharmaphdmba<\/span><\/p>\n<p><strong>Shuchismita Raychaudhury<\/strong><br \/>\nGrant Management and Research Administration<br \/>\n<span style=\"color: #3366ff;\">linkedin.com\/in\/suchismita-raychaudhury-ph-d-1342572<\/span><\/p>\n<p><strong>Xinchao Yu \u2020<\/strong><br \/>\nSenior Director, Structural Biology and Chemistry<br \/>\nGilead Sciences<br \/>\n<span style=\"color: #3366ff;\">linkedin.com\/in\/xinchao-yu-32892828<\/span><\/p>\n<p><strong>Yang Liu<\/strong><br \/>\nHead of Molecular Biology and Biochemistry<br \/>\nNaval Medical Research Center, HJF<br \/>\n<span style=\"color: #3366ff;\">linkedin.com\/in\/yang-liu-1a56b55<\/span><\/p>\n<p><strong>Shujun Yuan \u2020<\/strong><br \/>\nDirector, Synthetic Biology and Biophysics<br \/>\nOutpace Bio<br \/>\n<span style=\"color: #3366ff;\">linkedin.com\/in\/shujunyuan<\/span><\/p>\n<p><strong>Jeremiah Farelli<\/strong><br \/>\nDirector at Omega Therapeutics<br \/>\n<span style=\"color: #3366ff;\">linkedin.com\/in\/jeremiah-farelli-67846a7<\/span><\/p>\n<p><strong>Ming Proschitsky<\/strong><br \/>\nHead of BioTherapeutics<br \/>\nWalden Biosciences<br \/>\n<span style=\"color: #3366ff;\">linkedin.com\/in\/ming-proschitsky-19643010<\/span><\/p>\n<p><strong>Christna Ouch \u2020<\/strong><br \/>\nSenior Scientist<br \/>\nUMass Chan Medical School, Cryo-EM Core Facility<\/p>\n<p><strong>\u2020<\/strong> also did 1 year post-doctoral project<\/p>\n<p><strong>Postdocs<\/strong><\/p>\n<p><strong>Esther Bullitt<\/strong><br \/>\nProfessor<br \/>\nBoston University &#8211; Chobanian &amp; Avedisian School of Medicine<br \/>\n<span style=\"color: #3366ff;\">linkedin.com\/in\/esther-bullitt-52321881<\/span><\/p>\n<p><strong>Dorit Hanein<\/strong><br \/>\nProfessor<br \/>\nUniversity of California, Santa Barbara<br \/>\n<span style=\"color: #3366ff;\">linkedin.com\/in\/dorit-h-24376759<\/span><\/p>\n<p><strong>David G. Morgan<\/strong><br \/>\nStaff Director of the Electron Microscopy Center<br \/>\nIndiana University Bloomington<br \/>\n<span style=\"color: #3366ff;\">linkedin.com\/in\/david-morgan-3782b238<\/span><\/p>\n<p><strong>Jean-Fran\u00e7ois Men\u00e9tr\u00e9t<\/strong><br \/>\nResearch engineer at IGBMC (retired)<br \/>\nStrasbourg<br \/>\n<span style=\"color: #3366ff;\">linkedin.com\/in\/jean-francois-menetret-36523768<\/span><\/p>\n<p><strong>VM Haridasan Namboodiri<\/strong><br \/>\nPrincipal Statistical Programmer<br \/>\n<span style=\"color: #3366ff;\">linkedin.com\/in\/haridasan-namboodiri-b5624b1<\/span><\/p>\n<p><strong>Preethi Chandramouli<\/strong><br \/>\nDirector, Business Operations<br \/>\nTakeda<br \/>\n<span style=\"color: #3366ff;\">linkedin.com\/in\/preethichandramouli<\/span><\/p>\n<p><strong>Olga Platonova<\/strong><br \/>\nDeputy Departmental Administrator, IBME Administrator<br \/>\nDepartment of Engineering Science<br \/>\nUniversity of Oxford<\/p>\n<p><strong>Tat Cheung Cheng<\/strong><br \/>\nCryoEM Application Scientist<br \/>\nUniversity of G\u00f6ttingen<br \/>\n<span style=\"color: #3366ff;\">linkedin.com\/in\/tat-cheng-54722913a<\/span><\/p>\n<p><strong>Thomas G\u00fcttler (Guettler)<\/strong><br \/>\nHead of Research &amp; Development<br \/>\nOctapharma<br \/>\nHeidelberg, Baden-W\u00fcrttemberg, Germany<br \/>\n<span style=\"color: #3366ff;\">linkedin.com\/in\/guettlerthomas<\/span><\/p>\n<p><strong>Tumpa Sarkar<\/strong><\/p>\n<p>Trained technician: <strong>Shirley (Shuetming) Yip<\/strong><\/p>\n","protected":false},"excerpt":{"rendered":"<p>Akey Lab Members (Past, Present) and Photo Tour Current Christopher W. Akey Principal Investigator- Professor Director Structural CryoEM facility Ildik\u00f3 V. Akey Laboratory Manager\/Research Assistant Alumni Graduate Students Qing Yang Senior ScientistSenior Scientist Energy Materials Corporation linkedin.com\/in\/qingyang5 Shuchismita Dutta Associate Research Professor at Institute for Quantitative Biomedicine linkedin.com\/in\/shuchismita-dutta-3028a734 Devrim Acehan \u2020 Cryo EM Center Director [&hellip;]<\/p>\n","protected":false},"author":1811,"featured_media":0,"parent":0,"menu_order":20,"comment_status":"closed","ping_status":"closed","template":"page-templates\/no-sidebars.php","meta":[],"_links":{"self":[{"href":"https:\/\/www.bumc.bu.edu\/ppb\/wp-json\/wp\/v2\/pages\/22775"}],"collection":[{"href":"https:\/\/www.bumc.bu.edu\/ppb\/wp-json\/wp\/v2\/pages"}],"about":[{"href":"https:\/\/www.bumc.bu.edu\/ppb\/wp-json\/wp\/v2\/types\/page"}],"author":[{"embeddable":true,"href":"https:\/\/www.bumc.bu.edu\/ppb\/wp-json\/wp\/v2\/users\/1811"}],"replies":[{"embeddable":true,"href":"https:\/\/www.bumc.bu.edu\/ppb\/wp-json\/wp\/v2\/comments?post=22775"}],"version-history":[{"count":41,"href":"https:\/\/www.bumc.bu.edu\/ppb\/wp-json\/wp\/v2\/pages\/22775\/revisions"}],"predecessor-version":[{"id":23003,"href":"https:\/\/www.bumc.bu.edu\/ppb\/wp-json\/wp\/v2\/pages\/22775\/revisions\/23003"}],"wp:attachment":[{"href":"https:\/\/www.bumc.bu.edu\/ppb\/wp-json\/wp\/v2\/media?parent=22775"}],"curies":[{"name":"wp","href":"https:\/\/api.w.org\/{rel}","templated":true}]}}