{"id":1359,"date":"2023-06-29T10:55:50","date_gmt":"2023-06-29T14:55:50","guid":{"rendered":"https:\/\/www.bumc.bu.edu\/centenario\/?page_id=1359"},"modified":"2024-08-01T13:35:51","modified_gmt":"2024-08-01T17:35:51","slug":"radco-consultas","status":"publish","type":"page","link":"https:\/\/www.bumc.bu.edu\/centenario\/radco-consultas\/","title":{"rendered":"Consultas sobre RADCO"},"content":{"rendered":"<table width=\"750\" height=\"15\" style=\"height: 15px;\">\n<tbody>\n<tr>\n<td>\n<h6><span style=\"color: #0000ff;\"><a href=\"https:\/\/www.bumc.bu.edu\/centenario\/radco\" style=\"color: #0000ff;\"><strong>Inicio RADCO<\/strong><\/a><\/span><\/h6>\n<\/td>\n<td>\n<h6><span style=\"color: #0000ff;\"><a href=\"https:\/\/www.bumc.bu.edu\/centenario\/objetivos\" style=\"color: #0000ff;\"><strong>Objetivos del estudio<\/strong><\/a><\/span><\/h6>\n<\/td>\n<td>\n<h6><span style=\"color: #0000ff;\"><a href=\"https:\/\/www.bumc.bu.edu\/centenario\/radco-personal\" style=\"color: #0000ff;\"><strong>Investigadores<\/strong><\/a><\/span><\/h6>\n<\/td>\n<td>\n<h6><span style=\"color: #0000ff;\"><a href=\"https:\/\/www.bumc.bu.edu\/centenario\/radco-medios\/\" style=\"color: #0000ff;\"><strong>Medios<\/strong><\/a><\/span><\/h6>\n<\/td>\n<td>\n<h6><strong>Publicaciones<\/strong><\/h6>\n<\/td>\n<td>\n<h6><span style=\"color: #0000ff;\"><a href=\"https:\/\/www.bumc.bu.edu\/centenario\/radco-consultas\/\" style=\"color: #0000ff;\"><strong>Consultas<\/strong><\/a><\/span><\/h6>\n<\/td>\n<td>\n<h6><strong>Recursos<\/strong><\/h6>\n<\/td>\n<\/tr>\n<\/tbody>\n<\/table>\n<p><strong><span style=\"color: #ff0000;\">For English, click<\/span> <a href=\"http:\/\/www.bumc.bu.edu\/centenarian\/radco-inquiry\/\">HERE<\/a><\/strong><\/p>\n<p><strong>Si tiene preguntas o consultas relacionadas con RADCO, env\u00ede un correo electr\u00f3nico a <\/strong><a href=\"mailto:agewell@bu.edu\"><strong>agewell@bu.edu<\/strong><\/a><strong> o a <a href=\"mailto:vivir100@bu.edu\">vivir100@bu.edu<\/a>.<\/strong><\/p>\n<p>Por favor incluya &#8220;RADCO&#8221; en el asunto del correo electr\u00f3nico.<\/p>\n<p>Si su pregunta o consulta se dirige a un investigador en particular, por favor especif\u00edquelo en el cuerpo del correo electr\u00f3nico.<\/p>\n<table width=\"750\" height=\"303\">\n<tbody>\n<tr>\n<td><img loading=\"lazy\" src=\"\/centenario\/files\/2023\/02\/Cristian-Ibarra-300x300.jpg\" alt=\"\" width=\"300\" height=\"300\" class=\"size-medium wp-image-1218 aligncenter\" srcset=\"https:\/\/www.bumc.bu.edu\/centenario\/files\/2023\/02\/Cristian-Ibarra-300x300.jpg 300w, https:\/\/www.bumc.bu.edu\/centenario\/files\/2023\/02\/Cristian-Ibarra-150x150.jpg 150w, https:\/\/www.bumc.bu.edu\/centenario\/files\/2023\/02\/Cristian-Ibarra-768x768.jpg 768w, https:\/\/www.bumc.bu.edu\/centenario\/files\/2023\/02\/Cristian-Ibarra.jpg 800w\" sizes=\"(max-width: 300px) 100vw, 300px\" \/><\/td>\n<td>Cristian Ibarra, MS<\/p>\n<p>RADCO Project Manager<br \/>\nBoston University<br \/>\n617-353-0919<\/td>\n<\/tr>\n<\/tbody>\n<\/table>\n","protected":false},"excerpt":{"rendered":"<p>Inicio RADCO Objetivos del estudio Investigadores Medios Publicaciones Consultas Recursos For English, click HERE Si tiene preguntas o consultas relacionadas con RADCO, env\u00ede un correo electr\u00f3nico a agewell@bu.edu o a vivir100@bu.edu. Por favor incluya &#8220;RADCO&#8221; en el asunto del correo electr\u00f3nico. Si su pregunta o consulta se dirige a un investigador en particular, por favor [&hellip;]<\/p>\n","protected":false},"author":21744,"featured_media":0,"parent":0,"menu_order":10,"comment_status":"closed","ping_status":"closed","template":"","meta":[],"_links":{"self":[{"href":"https:\/\/www.bumc.bu.edu\/centenario\/wp-json\/wp\/v2\/pages\/1359"}],"collection":[{"href":"https:\/\/www.bumc.bu.edu\/centenario\/wp-json\/wp\/v2\/pages"}],"about":[{"href":"https:\/\/www.bumc.bu.edu\/centenario\/wp-json\/wp\/v2\/types\/page"}],"author":[{"embeddable":true,"href":"https:\/\/www.bumc.bu.edu\/centenario\/wp-json\/wp\/v2\/users\/21744"}],"replies":[{"embeddable":true,"href":"https:\/\/www.bumc.bu.edu\/centenario\/wp-json\/wp\/v2\/comments?post=1359"}],"version-history":[{"count":23,"href":"https:\/\/www.bumc.bu.edu\/centenario\/wp-json\/wp\/v2\/pages\/1359\/revisions"}],"predecessor-version":[{"id":1769,"href":"https:\/\/www.bumc.bu.edu\/centenario\/wp-json\/wp\/v2\/pages\/1359\/revisions\/1769"}],"wp:attachment":[{"href":"https:\/\/www.bumc.bu.edu\/centenario\/wp-json\/wp\/v2\/media?parent=1359"}],"curies":[{"name":"wp","href":"https:\/\/api.w.org\/{rel}","templated":true}]}}