{"id":1338,"date":"2023-06-20T10:16:35","date_gmt":"2023-06-20T14:16:35","guid":{"rendered":"https:\/\/www.bumc.bu.edu\/centenario\/?page_id=1338"},"modified":"2026-04-07T09:47:54","modified_gmt":"2026-04-07T13:47:54","slug":"radco","status":"publish","type":"page","link":"https:\/\/www.bumc.bu.edu\/centenario\/radco\/","title":{"rendered":"RADCO"},"content":{"rendered":"<table width=\"750\" height=\"15\" style=\"height: 15px;\">\n<tbody>\n<tr>\n<td>\n<h6><span style=\"color: #0000ff;\"><a href=\"https:\/\/www.bumc.bu.edu\/centenario\/radco\" style=\"color: #0000ff;\"><strong>Inicio RADCO<\/strong><\/a><\/span><\/h6>\n<\/td>\n<td>\n<h6><span style=\"color: #0000ff;\"><a href=\"https:\/\/www.bumc.bu.edu\/centenario\/objetivos\/\" style=\"color: #0000ff;\"><strong>Objetivos del estudio<\/strong><\/a><\/span><\/h6>\n<\/td>\n<td>\n<h6><span style=\"color: #0000ff;\"><a href=\"https:\/\/www.bumc.bu.edu\/centenario\/radco-personal\/\" style=\"color: #0000ff;\"><strong>Investigadores<\/strong><\/a><\/span><\/h6>\n<\/td>\n<td>\n<h6><span style=\"color: #0000ff;\"><a href=\"https:\/\/www.bumc.bu.edu\/centenario\/radco-medios\/\" style=\"color: #0000ff;\"><strong>Medios<\/strong><\/a><\/span><\/h6>\n<\/td>\n<td>\n<h6><strong>Publicaciones<\/strong><\/h6>\n<\/td>\n<td>\n<h6><a href=\"https:\/\/www.bumc.bu.edu\/centenario\/radco-consultas\/\"><strong><span style=\"color: #0000ff;\">Consultas<\/span><\/strong><\/a><\/h6>\n<\/td>\n<td>\n<h6><strong>Recursos<\/strong><\/h6>\n<\/td>\n<\/tr>\n<\/tbody>\n<\/table>\n<p><img loading=\"lazy\" src=\"\/centenario\/files\/2023\/06\/RADCO_color.png\" alt=\"\" width=\"341\" height=\"193\" class=\"size-full wp-image-1371 aligncenter\" \/><\/p>\n<p><strong><span style=\"color: #ff0000;\">For English, click<\/span> <a href=\"http:\/\/www.bumc.bu.edu\/centenarian\/radco\/\">HERE<\/a><\/strong><\/p>\n<h3><a href=\"https:\/\/www.bumc.bu.edu\/centenarian\/files\/2026\/04\/Newsletter-Spring-2026_02APR2026_RADCO-Insert_FINAL.pdf\"><span data-teams=\"true\">\u00a1No se pierda nuestro m\u00e1s reciente folleto de RADCO!<\/span><\/a><\/h3>\n<p>Resiliencia\/Resistencia a la Enfermedad de Alzheimer en Centenarios e Hijos (<em>Resilience\/Resistance to Alzheimer\u2019s Disease in Centenarians &amp; Offspring<\/em>, RADCO) es un estudio (<a href=\"https:\/\/reporter.nih.gov\/search\/GmhstH7-Z0y_hwlGrtqsiQ\/project-details\/10532568\">U19-AG073172<\/a>) financiado por el <a href=\"https:\/\/www.nia.nih.gov\/\">Instituto Nacional sobre el Envejecimiento<\/a>, cuyos proyectos tienen como fechas de inicio y finalizaci\u00f3n de 2022 a 2026.<\/p>\n<p>El objetivo de RADCO es describir la resiliencia cognitiva o la resistencia cerebral al deterioro cognitivo y la enfermedad de Alzheimer, con optimismo de descubrir los mecanismos biol\u00f3gicos subyacentes que permiten que los <strong>superancianos cognitivos centenarios<\/strong> mantengan un funcionamiento cognitivo similar al que tienen las personas treinta a\u00f1os m\u00e1s j\u00f3venes que ellos. La reciente incorporaci\u00f3n de Georgia State University enriquece de forma significativa la muestra del estudio, ya que se incluyen participantes de raza negra y afroamericana.<\/p>\n<figure id=\"attachment_1377\" aria-describedby=\"caption-attachment-1377\" style=\"width: 459px\" class=\"wp-caption aligncenter\"><img loading=\"lazy\" src=\"\/centenario\/files\/2023\/06\/tom-herlda-449x300.png\" alt=\"\" width=\"449\" height=\"300\" class=\"wp-image-1377 size-medium\" srcset=\"https:\/\/www.bumc.bu.edu\/centenario\/files\/2023\/06\/tom-herlda-449x300.png 449w, https:\/\/www.bumc.bu.edu\/centenario\/files\/2023\/06\/tom-herlda.png 705w\" sizes=\"(max-width: 449px) 100vw, 449px\" \/><figcaption id=\"caption-attachment-1377\" class=\"wp-caption-text\">Herlda Senhouse, de 112\u00a0a\u00f1os, y el Dr. Tom Perls, de 62\u00a0a\u00f1os, compartiendo un buen momento. JESSICA RINALDI\/PERSONAL DE GLOBE<\/figcaption><\/figure>\n","protected":false},"excerpt":{"rendered":"<p>Inicio RADCO Objetivos del estudio Investigadores Medios Publicaciones Consultas Recursos For English, click HERE \u00a1No se pierda nuestro m\u00e1s reciente folleto de RADCO! Resiliencia\/Resistencia a la Enfermedad de Alzheimer en Centenarios e Hijos (Resilience\/Resistance to Alzheimer\u2019s Disease in Centenarians &amp; Offspring, RADCO) es un estudio (U19-AG073172) financiado por el Instituto Nacional sobre el Envejecimiento, cuyos [&hellip;]<\/p>\n","protected":false},"author":21744,"featured_media":0,"parent":0,"menu_order":6,"comment_status":"closed","ping_status":"closed","template":"","meta":[],"_links":{"self":[{"href":"https:\/\/www.bumc.bu.edu\/centenario\/wp-json\/wp\/v2\/pages\/1338"}],"collection":[{"href":"https:\/\/www.bumc.bu.edu\/centenario\/wp-json\/wp\/v2\/pages"}],"about":[{"href":"https:\/\/www.bumc.bu.edu\/centenario\/wp-json\/wp\/v2\/types\/page"}],"author":[{"embeddable":true,"href":"https:\/\/www.bumc.bu.edu\/centenario\/wp-json\/wp\/v2\/users\/21744"}],"replies":[{"embeddable":true,"href":"https:\/\/www.bumc.bu.edu\/centenario\/wp-json\/wp\/v2\/comments?post=1338"}],"version-history":[{"count":37,"href":"https:\/\/www.bumc.bu.edu\/centenario\/wp-json\/wp\/v2\/pages\/1338\/revisions"}],"predecessor-version":[{"id":1800,"href":"https:\/\/www.bumc.bu.edu\/centenario\/wp-json\/wp\/v2\/pages\/1338\/revisions\/1800"}],"wp:attachment":[{"href":"https:\/\/www.bumc.bu.edu\/centenario\/wp-json\/wp\/v2\/media?parent=1338"}],"curies":[{"name":"wp","href":"https:\/\/api.w.org\/{rel}","templated":true}]}}