{"id":1161,"date":"2023-01-11T14:54:33","date_gmt":"2023-01-11T19:54:33","guid":{"rendered":"https:\/\/www.bumc.bu.edu\/centenario\/?page_id=1161"},"modified":"2023-09-06T15:24:52","modified_gmt":"2023-09-06T19:24:52","slug":"charlataneria","status":"publish","type":"page","link":"https:\/\/www.bumc.bu.edu\/centenario\/charlataneria\/","title":{"rendered":"Estafas para combatir el envejecimiento"},"content":{"rendered":"<h6><span style=\"color: #ff0000;\">For English, click <a href=\"https:\/\/www.bumc.bu.edu\/centenarian\/anti-aging-quackery\/\"><span style=\"color: #0000ff;\">HERE<\/span><\/a><\/span><\/h6>\n<h4><span style=\"color: #000000;\"><strong>ART\u00cdCULOS REVISADOS POR PARES SOBRE EL USO DE LA HORMONA DE CRECIMIENTO, TESTOSTERONA, ESTEROIDES ANAB\u00d3LICOS, DHEA, PROCA\u00cdNA Y ESTAFAS PARA COMBATIR EL ENVEJECIMIENTO<\/strong><\/span><\/h4>\n<p><a href=\"http:\/\/www.ncbi.nlm.nih.gov\/pubmed\/23772727\">La reaparici\u00f3n del clorhidrato de proca\u00edna (Gerovital H3) para combatir el envejecimiento.<\/a>\u00a0Perls T. J Am Geriatr Soc. Junio de 2013;61(6):1024-5. doi: 10.1111\/jgs.12278. Sin resumen. PMID: 23772727.<\/p>\n<p><a href=\"http:\/\/www.ncbi.nlm.nih.gov\/pubmed\/20355224\">Hormona de crecimiento y esteroides anab\u00f3licos: los atletas son la punta del iceberg.\u00a0<\/a>Perls TT. Drug Test Anal. Septiembre de 2009;1(9-10):419-25. doi: 10.1002\/dta.87. PMID: 20355224 Resumen: Los atletas profesionales abusan de esteroides anab\u00f3licos, hormonas de crecimiento y otros f\u00e1rmacos. Pero esta es solo la punta de un iceberg enorme y bastante ignorado, conformado por personas que reciben estos f\u00e1rmacos para usos no medicinales como el aumento de masa muscular, los deportes escolares y \u201cla lucha contra el envejecimiento\u201d. Si bien estos f\u00e1rmacos se suelen utilizar combinados, este art\u00edculo se centra en la hormona de crecimiento. Los fabricantes farmac\u00e9uticos, las farmacias, los sitios web, las cl\u00ednicas y los m\u00e9dicos alimentan la demanda de estos f\u00e1rmacos.<\/p>\n<p><a href=\"http:\/\/www.ncbi.nlm.nih.gov\/pubmed\/18560007\">Nuevos desarrollos en la provisi\u00f3n ilegal de hormona de crecimiento para \u201ccombatir el envejecimiento\u201d y aumentar la masa muscular.<\/a>\u00a0Olshansky SJ, Perls TT. JAMA. 18 de junio de 2008;299(23):2792-4. doi: 10.1001\/jama.299.23.2792. PMID: 18560007<\/p>\n<p><a href=\"http:\/\/www.ncbi.nlm.nih.gov\/pubmed\/17288051\">DHEA y testosterona en personas mayores.<\/a>\u00a0Perls TT. N Engl J Med. 8 de febrero de 2007;356(6):636; respuesta del autor 637. PMID: 17288051<\/p>\n<p><a href=\"http:\/\/www.ncbi.nlm.nih.gov\/pubmed\/17190307\">La esperanza impulsa el auge contra el envejecimiento.<\/a>\u00a0Perls TT. Cleve Clin J Med. Diciembre de 2006;73(12):1039-40, 1044. Revisi\u00f3n. PMID: 17190307<\/p>\n<p><a href=\"http:\/\/www.ncbi.nlm.nih.gov\/pubmed\/16249424\">Provisi\u00f3n o distribuci\u00f3n de hormona de crecimiento para \u201ccombatir el envejecimiento\u201d: problemas cl\u00ednicos y legales.<\/a>\u00a0Perls TT, Reisman NR, Olshansky SJ. JAMA. 26 de octubre de 2005;294(16):2086-90. PMID: 16249424<\/p>\n<p><a href=\"http:\/\/www.ncbi.nlm.nih.gov\/pubmed\/15304532\">Enga\u00f1os para combatir el envejecimiento: hormona de crecimiento humana y trucos del mercado, m\u00e1s peligrosos que nunca.<\/a>\u00a0Perls TT. J Gerontol A Biol Sci Med Sci. Julio de 2004;59(7):682-91. PMID: 15304532<\/p>\n<p><a href=\"http:\/\/www.ncbi.nlm.nih.gov\/pubmed\/15215255\">La publicidad frente a la realidad: parte\u00a0I.<\/a>\u00a0Olshansky SJ, Hayflick L, Perls TT. J Gerontol A Biol Sci Med Sci. Junio de 2004;59(6):B513-4. Sin resumen. PMID: 15215255<\/p>\n<p><a href=\"http:\/\/www.futuremedicine.com\/doi\/full\/10.2217\/ahe.10.11?prevSearch=authorsfield%253A%2528Perls%252C%2BThomas%2BT%2529&amp;searchHistoryKey=\">Medicamentos para combatir el envejecimiento: \u00bfqu\u00e9 debemos decirles a nuestros pacientes?\u00a0<\/a>Perls T.\u00a0<a href=\"http:\/\/www.bumc.bu.edu\/loi\/ahe\">Aging Health<\/a>\u00a0Abril de 2010, Vol. 6, No. 2, P\u00e1ginas 149 a 154, DOI 10.2217\/ahe.10.11 (doi:10.2217\/ahe.10.11)<\/p>\n","protected":false},"excerpt":{"rendered":"<p>For English, click HERE ART\u00cdCULOS REVISADOS POR PARES SOBRE EL USO DE LA HORMONA DE CRECIMIENTO, TESTOSTERONA, ESTEROIDES ANAB\u00d3LICOS, DHEA, PROCA\u00cdNA Y ESTAFAS PARA COMBATIR EL ENVEJECIMIENTO La reaparici\u00f3n del clorhidrato de proca\u00edna (Gerovital H3) para combatir el envejecimiento.\u00a0Perls T. J Am Geriatr Soc. Junio de 2013;61(6):1024-5. doi: 10.1111\/jgs.12278. Sin resumen. PMID: 23772727. Hormona de [&hellip;]<\/p>\n","protected":false},"author":21744,"featured_media":0,"parent":0,"menu_order":17,"comment_status":"closed","ping_status":"closed","template":"","meta":[],"_links":{"self":[{"href":"https:\/\/www.bumc.bu.edu\/centenario\/wp-json\/wp\/v2\/pages\/1161"}],"collection":[{"href":"https:\/\/www.bumc.bu.edu\/centenario\/wp-json\/wp\/v2\/pages"}],"about":[{"href":"https:\/\/www.bumc.bu.edu\/centenario\/wp-json\/wp\/v2\/types\/page"}],"author":[{"embeddable":true,"href":"https:\/\/www.bumc.bu.edu\/centenario\/wp-json\/wp\/v2\/users\/21744"}],"replies":[{"embeddable":true,"href":"https:\/\/www.bumc.bu.edu\/centenario\/wp-json\/wp\/v2\/comments?post=1161"}],"version-history":[{"count":8,"href":"https:\/\/www.bumc.bu.edu\/centenario\/wp-json\/wp\/v2\/pages\/1161\/revisions"}],"predecessor-version":[{"id":1677,"href":"https:\/\/www.bumc.bu.edu\/centenario\/wp-json\/wp\/v2\/pages\/1161\/revisions\/1677"}],"wp:attachment":[{"href":"https:\/\/www.bumc.bu.edu\/centenario\/wp-json\/wp\/v2\/media?parent=1161"}],"curies":[{"name":"wp","href":"https:\/\/api.w.org\/{rel}","templated":true}]}}